{"id":49,"date":"2021-01-08T15:43:49","date_gmt":"2021-01-08T14:43:49","guid":{"rendered":"https:\/\/www.pro.it\/shop\/?page_id=49"},"modified":"2024-04-24T17:24:47","modified_gmt":"2024-04-24T15:24:47","slug":"termini-e-condizioni","status":"publish","type":"page","link":"https:\/\/www.pro.it\/shop\/termini-e-condizioni\/","title":{"rendered":"Termini e Condizioni"},"content":{"rendered":"<p><strong>LA VENDITA DI PRODOTTI ALCOLICI E\u2019 VIETATA AI MINORENNI (si veda il punto 2.3)<\/strong><\/p><p><strong>1. OGGETTO DEL CONTRATTO ON LINE E SUA DEFINIZIONE<\/strong><br>1.1 Per contratto \u201con line\u201d si intende il contratto a distanza avente come oggetto l\u2019acquisto di beni e\/o servizi stipulato tra la SUXI s.r.l.s. di seguito chiamata \u201cFornitore\u201d, P.I. IT04591320611, e un consumatore cliente o un professionista cliente, nell\u2019ambito di un sistema di vendita a distanza organizzato dal Fornitore che, per tale contratto, impiega esclusivamente la tecnologia Internet. Tutti i contratti, pertanto, saranno conclusi direttamente attraverso l\u2019accesso da parte del cliente al sito internet corrispondente all\u2019indirizzo PRO.it.<br>1.2 Per consumatore cliente, di seguito denominato \u201cConsumatore\u201d, s\u2019intende soltanto la persona fisica che conclude il contratto per scopi non riferibili all\u2019attivit\u00e0 imprenditoriale o professionale eventualmente svolta.<br>1.3 Per professionista cliente, di seguito denominato \u201cProfessionista\u201d, s\u2019intende il soggetto, persona fisica, persona giuridica pubblica o privata, ente collettivo non riconosciuto dotato di autonoma soggettivit\u00e0 giuridica, che nel concludere il contratto agisce nel quadro della propria attivit\u00e0 professionale o imprenditoriale.<br>1.4 Per \u201cCliente\u201d, s\u2019intende semplicemente l\u2019acquirente generalmente inteso, sia esso Consumatore o Professionista.<br>1.5 Per \u201cCorriere\u201d s\u2019intende l\u2019azienda incaricata da parte del Fornitore per spostare fisicamente dal magazzino del Fornitore le merci ordinate all\u2019indirizzo specificato al momento dell\u2019ordine dal Cliente.<br>1.6 Per \u201cUtente\u201d s\u2019intente il soggetto, persona fisica, che accede tramite browser al sito internet PRO.it.<\/p><p><strong>2. ACCETTAZIONE DELLE CONDIZIONI GENERALI DI VENDITA ED OBBLIGHI DEL CLIENTE<br><\/strong>2.1. Il contratto stipulato tra il Fornitore ed il Cliente deve intendersi concluso con l\u2019accettazione, anche solo parziale, dell\u2019ordine da parte del Fornitore medesimo. Tale accettazione si ritiene tacita, se non altrimenti comunicato con qualsiasi forma al Cliente. Quest\u2019ultimo, effettuando un ordine nelle varie modalit\u00e0 previste, dichiara di aver preso visione di tutte le indicazioni a lui fornite durante la procedura d\u2019acquisto e, di conseguenza, di accettare integralmente le condizioni generali e di pagamento di seguito trascritte.<br>2.2 E\u2019 severamente vietato l\u2019inserimento di dati personali falsi e\/o inventati all\u2019interno dei moduli di raccolta dati, necessari all\u2019espletamento dell\u2019ordine. E\u2019, altres\u00ec, vietato inserire dati di terze persone o effettuare pi\u00f9 registrazioni relative ad un unico Cliente. Il Fornitore si riserva la facolt\u00e0 di perseguire legalmente ogni violazione ed abuso, nell\u2019interesse e per la tutela di tutti i Clienti.<br>2.3 Gli Utenti del sito Pro.it dichiarano di essere maggiorenni secondo la legislazione loro applicabile. Se non esiste nessuna legislazione a questo riguardo, \u00e8 necessario avere almeno 21 anni.<br>2.4 Il Cliente, una volta conclusa la procedura d\u2019acquisto online, provveder\u00e0 a stampare o salvare copia elettronica e, comunque, conservare le presenti condizioni generali di vendita nel rispetto di quanto previsto dagli artt. 3 e 4 del D.lgs 185\/1999 sulle vendite a distanza. L\u2019inoltro della conferma d\u2019ordine, pertanto, implica totale conoscenza delle stesse e loro integrale accettazione.<br>2.5 Viene escluso ogni diritto del Cliente a richiedere al Fornitore il risarcimento danni o indennizzo, nonch\u00e9 ad attribuire allo stesso qualsiasi responsabilit\u00e0 contrattuale o extracontrattuale per danni diretti o indiretti a persone e\/o cose, provocati dalla mancata accettazione, anche parziale, di un ordine.<\/p><p><strong>3. PREZZI DI VENDITA E MODALITA\u2019 DI ACQUISTO<\/strong><br>3.1 Tutti i prezzi di vendita dei prodotti presenti ed indicati all\u2019interno del sito Pro.it, i quali costituiscono offerta al pubblico ai sensi dell\u2019art. 1336 c.c., sono inclusi IVA ai quali vanno aggiunte le spese di spedizione. Tali prezzi possono variare in qualsiasi istante senza che il Fornitore sia tenuto a darne alcun preavviso; in ogni caso una volta effettuato l\u2019ordine del prodotto, questo non subir\u00e0 alcuna variazione di prezzo. Il costo del trasporto debitamente evidenziato nell\u2019apposita pagina all\u2019interno del sito che il Cliente avr\u00e0 cura di visionare prima di confermare l\u2019acquisto, \u00e8 interamente a carico dello stesso.<br>3.2 Il Cliente pu\u00f2 acquistare solo i prodotti presenti nel catalogo al momento dell\u2019inoltro dell\u2019ordine e visionabili on-line all\u2019indirizzo Pro.it, cos\u00ec come descritti nelle relative schede informative.<\/p><p><strong>4. PAGAMENTO E SPEDIZIONE<\/strong><\/p><p><strong>4.1 Pagamento<\/strong><br>Accettiamo pagamenti con <strong>PayPal<\/strong> e da&nbsp;<strong>tutte le<\/strong>&nbsp;principali&nbsp;<strong>carte di credito<\/strong>&nbsp;ed in totale sicurezza con connessione protetta;<\/p><ul class=\"wp-block-list\"><li><strong>MasterCard<\/strong><\/li><li><strong>Maestro<\/strong><\/li><li><strong>Visa<\/strong><\/li><li><strong>Visa Electron<\/strong><\/li><li><strong>American Express<\/strong><\/li><li><strong>Aura<\/strong><\/li><li><strong>Discover<\/strong><\/li><\/ul><figure class=\"wp-block-image size-large is-resized\"><img loading=\"lazy\" decoding=\"async\" src=\"https:\/\/www.pro.it\/shop\/wp-content\/uploads\/2021\/01\/paypal-carte-credito.png\" alt=\"\" class=\"wp-image-109\" width=\"480\" height=\"175\" srcset=\"https:\/\/www.pro.it\/shop\/wp-content\/uploads\/2021\/01\/paypal-carte-credito.png 960w, https:\/\/www.pro.it\/shop\/wp-content\/uploads\/2021\/01\/paypal-carte-credito-300x109.png 300w, https:\/\/www.pro.it\/shop\/wp-content\/uploads\/2021\/01\/paypal-carte-credito-768x279.png 768w, https:\/\/www.pro.it\/shop\/wp-content\/uploads\/2021\/01\/paypal-carte-credito-165x60.png 165w, https:\/\/www.pro.it\/shop\/wp-content\/uploads\/2021\/01\/paypal-carte-credito-600x218.png 600w\" sizes=\"auto, (max-width: 480px) 100vw, 480px\" \/><\/figure><p>PayPal offre servizi di pagamento digitale e di trasferimento di denaro tramite Internet. Alla fine della procedura di acquisto si aprir\u00e0 il sito PayPal per l\u2019inserimento delle sole credenziali di accesso. Tali informazioni saranno gestite direttamente da PayPal e non dal sito PRO.it.<\/p><p><strong>4.2 Spedizione<\/strong><br><strong>In tutta Italia<\/strong>&nbsp;(isole e zone disagiate incluse) con&nbsp;<strong>corriere espresso<\/strong>&nbsp;<strong>GLS<\/strong>. Il costo della spedizione sar\u00e0 calcolato in base al peso durante la procedura di acquisto. La consegna avviene entro 10&nbsp;giorni lavorativi (esclusi sabato e festivi). Una volta effettuata la spedizione sar\u00e0 inviato via email il numero di spedizione per il tracking online.<\/p><p><strong>5. FATTURAZIONE<\/strong><br>5.1 Per ogni ordine effettuato su PRO.it, il Fornitore emette regolare fattura elettronica e fattura accompagnatoria. Al momento dell\u2019acquisto, nel casella \u201cnote dell\u2019ordine\u201d specificare il codice fiscale e\/o la partita IVA, la PEC e\/o il codice destinatario.<br>5.2 La mancata corrispondenza della merce ordinata con quella consegnata dovr\u00e0 essere tempestivamente comunicata al Fornitore.<\/p><p><strong>6. DISPONIBILITA\u2019 DEI PRODOTTI<\/strong><br>6.1 Il Cliente potr\u00e0 acquistare solamente i prodotti indicati nel catalogo elettronico predisposto e nelle quantit\u00e0 esistenti in tempo reale nel magazzino.<br>6.2 Qualora la merce non fosse disponibile in magazzino nelle quantit\u00e0 desiderate dal Cliente, questi potr\u00e0 contattare tramite posta elettronica il Fornitore per ricevere tutte le informazioni necessarie sul prodotto e sul tempo previsto per l\u2019approvvigionamento del medesimo.<\/p><p><strong>7. RESPONSABILITA\u2019<\/strong><br>7.1 Il Fornitore non assume alcuna responsabilit\u00e0 per i disservizi imputabili a causa di forza maggiore e\/o caso fortuito quali incidenti, furti e\/o rapine al Corriere incaricato della consegna, incendi, esplosioni, scioperi e\/o serrate, terremoti, alluvioni ed altri similari eventi che impedissero, in tutto o in parte, di dare esecuzione nei tempi e nei modi concordati al contratto.<br>7.2 Non sar\u00e0, altres\u00ec, responsabile nei confronti di alcuno in merito a danni, perdite e costi subiti a seguito della mancata esecuzione del contratto per le cause sopra citate, avendo il Cliente diritto soltanto alla restituzione del prezzo corrisposto da parte dello Spedizioniere, unico responsabile.<\/p><p><strong>8. DIRITTO DI RECESSO<\/strong><br>8.1 Ai sensi dell\u2019art. 5 DL 185\/1999, se il Cliente \u00e8 un Consumatore ha diritto a recedere dal contratto di acquisto per qualsiasi motivo, senza necessit\u00e0 di fornire spiegazioni e senza alcuna penalit\u00e0, fatto salvo quanto indicato nel presente articolo. Si precisa che questo diritto \u00e8 riservato esclusivamente alle persone fisiche, a quei Clienti Consumatori che, secondo quanto definito all\u2019articolo 1, acquistano la merce per scopi non riferibili ed estranei alla propria attivit\u00e0 professionale. Non \u00e8 previsto il diritto di recesso ai clienti professionisti, persone fisiche o giuridiche, che agiscano in riferimento al contratto di acquisto in ambito professionale. Per esercitare tale diritto, il Consumatore dovr\u00e0 manifestare al Fornitore la volont\u00e0 di recedere entro 14 giorni lavorativi dalla data di ricevimento della merce. Tale comunicazione dovr\u00e0 essere inviata a mezzo lettera raccomandata con avviso di ricevimento, indirizzata alla PRO.it. Una volta pervenuta la suddetta comunicazione di recesso, il Fornitore comunicher\u00e0 rapidamente al Consumatore le istruzioni sulla modalit\u00e0 di restituzione della merce integra e nella confezione originaria, che dovr\u00e0 avvenire entro le successive 48 ore.<br>8.2 In ogni caso, il diritto di recesso \u00e8, comunque, sottoposto alle seguenti condizioni:<br>\u2013 detto diritto si applica al prodotto acquistato nella sua interezza, non e possibile esercitare recesso solamente su parte del prodotto acquistato;<br>\u2013 il bene acquistato dovr\u00e0 essere integro e restituito nella confezione originale, completa in tutte le sue parti (compresi imballo ed eventuale documentazione e dotazione accessoria), senza alcuna mancanza;<br>\u2013 detto diritto non si applica ai prodotti confezionati su misura o chiaramente personalizzati.<br>8.3 Le spese di spedizione relative alla restituzione del bene sono interamente a carico del Consumatore. La merce, fino all\u2019attestato di avvenuto ricevimento nel magazzino del Fornitore, e sotto la completa responsabilit\u00e0 del Consumatore. In ogni caso, il Fornitore non risponde in nessun modo per danneggiamenti o furto\/smarrimento di beni restituiti con spedizioni non assicurate.<br>8.4 Il Fornitore, in caso di recesso, provveder\u00e0 a rimborsare al Consumatore l\u2019intero importo gi\u00e0 pagato detratto delle spese di spedizione, entro 14 giorni a partire dalla data di ricevimento della merce e, comunque, non oltre 30 giorni dalla comunicazione del Consumatore. Sar\u00e0 cura del Consumatore fornire tempestivamente le coordinate bancarie sulle quali ottenere il rimborso (Cod. ABI \u2013 CAB \u2013 Conto Corrente \u2013 codice CIN dell\u2019intestatario della fattura).<br>8.5 Il diritto di recesso decade totalmente, per mancanza della condizione essenziale di integrit\u00e0 del bene (confezione e\/o suo contenuto), nei casi in cui il Fornitore accerti:<br>\u2013 la mancanza della confezione esterna e\/o dell\u2019imballo interno originale;<br>\u2013 l\u2019assenza di elementi integranti del prodotto;<br>\u2013 il danneggiamento del prodotto per cause diverse dal suo trasporto.<br>\u2013 Nel caso di decadenza del diritto di recesso, il Fornitore provveder\u00e0 a restituire al mittente Consumatore il bene acquistato, addebitando allo stesso le spese di spedizione.<\/p><p><strong>9. ACQUISTI AZIENDALI<\/strong><br>9.1 Il Fornitore fornisce i prodotti a catalogo anche ai \u201cClienti Professionisti\u201d, rivenditori, persone fisiche, persone giuridiche pubbliche o private, enti collettivi non riconosciuti dotati di autonoma soggettivit\u00e0 giuridica, che nel concludere il contratto agiscono nel quadro della propria attivit\u00e0 professionale o imprenditoriale.<br>9.2 Nel caso di ordini di particolare rilievo il Professionista pu\u00f2 contattare direttamente la societ\u00e0 fornitrice tramite e-mail: info@pro.it<\/p><p><strong>10. GARANZIE<\/strong><br>10.1 Tutti i prodotti venduti dal Fornitore sono assistiti dalla garanzia ufficiale del produttore: validit\u00e0 minima 24 mesi per il Consumatore (persona fisica che acquista la merce per scopi non riferibili alla propria attivit\u00e0 professionale); 12 mesi per acquisti effettuati da societ\u00e0 private o pubbliche o da persone fisiche per fini professionali e, comunque, dai possessori di P. IVA, come previsto all\u2019articolo 1. Laddove sia specificata una garanzia di durata superiore a 12 mesi, far\u00e0 fede la durata indicata. Per fruire della succitata garanzia, il Cliente dovr\u00e0 conservare la ricevuta o la fattura accompagnatoria che ricever\u00e0 al momento della consegna.<br>10.2. La garanzia si applica al prodotto che presenti difetti di conformit\u00e0 e\/o malfunzionamenti non riscontrabili all\u2019acquisto, purch\u00e9 il prodotto stesso sia utilizzato correttamente e con la dovuta diligenza e cio\u00e8 nel rispetto della sua destinazione d\u2019uso e di quanto previsto nella eventuale documentazione allegata.<\/p><p><strong>11. RISOLUZIONE CONTRATTUALE E CLAUSOLA RISOLUTIVA ESPRESSA<\/strong><br>11.1 Il Fornitore ha la facolt\u00e0 di risolvere il contratto stipulato dandone semplice comunicazione al Cliente con adeguate e giustificate motivazioni; in tal caso il Cliente avr\u00e0 diritto, esclusivamente, alla restituzione dell\u2019eventuale somma gi\u00e0 corrisposta. Il Cliente ha facolt\u00e0 di annullare il contratto entro 24 ore dall\u2019ordine, dandone tempestiva comunicazione al servizio clienti via e-mail all\u2019indirizzo info@pro.it. I costi di spedizione, se gi\u00e0 incorsi, saranno comunque addebitati al Cliente e la merce, se gi\u00e0 inviata, dovr\u00e0 essere tempestivamente riconsegnata al Fornitore a spesa del Cliente.<br>11.2 Le obbligazioni assunte dal Cliente con il presente contratto hanno carattere essenziale cosicch\u00e9, per patto espresso, la inadempienza, da parte dello stesso, di una soltanto di dette obbligazioni determiner\u00e0 la risoluzione automatica del contratto ex art.1456 c.c., fatto salvo il diritto per il Fornitore di agire in giudizio per il risarcimento degli ulteriori danni subiti.<\/p><p><strong>12. FORO COMPETENTE<\/strong><br>Ai sensi della legge n. 50 del 15.01.1991 il Foro competente per ogni eventuale controversia \u00e9 quello di Santa Maria Capua Vetere (CE). La responsabilit\u00e0 dell\u2019assunzione del prodotto \u00e8 esclusivamente dell\u2019acquirente, pertanto se non siete sicuri di essere indicati per assumere i prodotti, Vi consigliamo di consultare il proprio medico di fiducia prima di consumare i prodotti in vendita su questo sito. Per nessuna ragione il presente sito web o la SUXI s.r.l.s. o l\u2019amministratore della stessa saranno ritenuti responsabili in caso di uso non corretto, uso in eccesso rispetto alle dosi consigliate, eventuali allergie o disturbi causati dall\u2019assunzione dei prodotti in vendita su questo sito. L\u2019acquirente rinuncia ad ogni pretesa, anche risarcitoria nei confronti del sito web PRO.it, della SUXI s.r.l.s. e dell\u2019amministratore della stessa.<\/p>","protected":false},"excerpt":{"rendered":"<p>LA VENDITA DI PRODOTTI ALCOLICI E\u2019 VIETATA AI MINORENNI (si veda il punto 2.3) 1. OGGETTO DEL CONTRATTO ON LINE E SUA DEFINIZIONE1.1 Per contratto \u201con line\u201d si intende il contratto a distanza avente come oggetto l\u2019acquisto di beni e\/o servizi stipulato tra la SUXI s.r.l.s. di seguito chiamata \u201cFornitore\u201d, P.I. IT04591320611, e un consumatore &hellip; <\/p>\n","protected":false},"author":1,"featured_media":0,"parent":0,"menu_order":0,"comment_status":"closed","ping_status":"closed","template":"","meta":{"footnotes":""},"class_list":["post-49","page","type-page","status-publish","hentry"],"_links":{"self":[{"href":"https:\/\/www.pro.it\/shop\/wp-json\/wp\/v2\/pages\/49","targetHints":{"allow":["GET"]}}],"collection":[{"href":"https:\/\/www.pro.it\/shop\/wp-json\/wp\/v2\/pages"}],"about":[{"href":"https:\/\/www.pro.it\/shop\/wp-json\/wp\/v2\/types\/page"}],"author":[{"embeddable":true,"href":"https:\/\/www.pro.it\/shop\/wp-json\/wp\/v2\/users\/1"}],"replies":[{"embeddable":true,"href":"https:\/\/www.pro.it\/shop\/wp-json\/wp\/v2\/comments?post=49"}],"version-history":[{"count":26,"href":"https:\/\/www.pro.it\/shop\/wp-json\/wp\/v2\/pages\/49\/revisions"}],"predecessor-version":[{"id":254,"href":"https:\/\/www.pro.it\/shop\/wp-json\/wp\/v2\/pages\/49\/revisions\/254"}],"wp:attachment":[{"href":"https:\/\/www.pro.it\/shop\/wp-json\/wp\/v2\/media?parent=49"}],"curies":[{"name":"wp","href":"https:\/\/api.w.org\/{rel}","templated":true}]}}